{"id":388,"date":"2022-11-09T06:41:13","date_gmt":"2022-11-09T05:41:13","guid":{"rendered":"https:\/\/www.italydreamhomes.it\/chi-siamo\/"},"modified":"2023-01-05T18:52:08","modified_gmt":"2023-01-05T17:52:08","slug":"chi-siamo","status":"publish","type":"page","link":"https:\/\/www.italydreamhomes.it\/it\/chi-siamo\/","title":{"rendered":"Chi siamo"},"content":{"rendered":"\t\t<div data-elementor-type=\"wp-page\" data-elementor-id=\"388\" class=\"elementor elementor-388 elementor-108\" data-elementor-post-type=\"page\">\n\t\t\t\t\t\t<section class=\"elementor-section elementor-top-section elementor-element elementor-element-6147057 elementor-section-full_width elementor-section-stretched elementor-section-height-default elementor-section-height-default\" data-id=\"6147057\" data-element_type=\"section\" data-e-type=\"section\" data-settings=\"{&quot;background_background&quot;:&quot;classic&quot;,&quot;stretch_section&quot;:&quot;section-stretched&quot;}\">\n\t\t\t\t\t\t\t<div class=\"elementor-background-overlay\"><\/div>\n\t\t\t\t\t\t\t<div class=\"elementor-container elementor-column-gap-default\">\n\t\t\t\t\t<div class=\"elementor-column elementor-col-100 elementor-top-column elementor-element elementor-element-8bb014a\" data-id=\"8bb014a\" data-element_type=\"column\" data-e-type=\"column\" data-settings=\"{&quot;background_background&quot;:&quot;classic&quot;}\">\n\t\t\t<div class=\"elementor-widget-wrap elementor-element-populated\">\n\t\t\t\t\t<div class=\"elementor-background-overlay\"><\/div>\n\t\t\t\t\t\t<div class=\"elementor-element elementor-element-bfa3b3b elementor-widget elementor-widget-text-editor\" data-id=\"bfa3b3b\" data-element_type=\"widget\" data-e-type=\"widget\" id=\"header-internal\" data-widget_type=\"text-editor.default\">\n\t\t\t\t<div class=\"elementor-widget-container\">\n\t\t\t\t\t\t\t\t\t\n<div class=\"wrapper\">\n<div class=\"mask\">\n<h1>Chi siamo<\/h1>\n<h3><a href=\"https:\/\/www.italydreamhomes.it\/it\/\">Home<\/a> <a id=\"current-page\" href=\"https:\/\/www.italydreamhomes.it\/eng\/chi-siamo\">Chi siamo<\/a><\/h3>\n<\/div>\n<\/div>\n\t\t\t\t\t\t\t\t<\/div>\n\t\t\t\t<\/div>\n\t\t\t\t\t<\/div>\n\t\t<\/div>\n\t\t\t\t\t<\/div>\n\t\t<\/section>\n\t\t\t\t<section class=\"elementor-section elementor-top-section elementor-element elementor-element-e22a502 elementor-section-boxed elementor-section-height-default elementor-section-height-default\" data-id=\"e22a502\" data-element_type=\"section\" data-e-type=\"section\">\n\t\t\t\t\t\t<div class=\"elementor-container elementor-column-gap-default\">\n\t\t\t\t\t<div class=\"elementor-column elementor-col-100 elementor-top-column elementor-element elementor-element-64ac1ed\" data-id=\"64ac1ed\" data-element_type=\"column\" data-e-type=\"column\">\n\t\t\t<div class=\"elementor-widget-wrap elementor-element-populated\">\n\t\t\t\t\t\t<div class=\"elementor-element elementor-element-7748722 elementor-widget elementor-widget-text-editor\" data-id=\"7748722\" data-element_type=\"widget\" data-e-type=\"widget\" data-widget_type=\"text-editor.default\">\n\t\t\t\t<div class=\"elementor-widget-container\">\n\t\t\t\t\t\t\t\t\t<p>Italy dream homes \u00e8 un progetto sviluppato dall&#8217;<strong>Agenzia Immobiliare Porta Parma<\/strong>, membro della Federazione Italiana Mediatori Agenti d&#8217;Affari (F.I.M.A.A. &#8211; la pi\u00f9 grande Associazione del settore dell\u2019intermediazione in Italia). La nostra agenzia opera sul territorio da quasi 20 anni ed \u00e8 in grado di garantire ai propri clienti (venditori o acquirenti) servizi di alta qualit\u00e0 &#8211; consulenza, promozione e intermediazione. Il nostro obiettivo \u00e8 quello di ottenere i migliori risultati nel minor tempo possibile.<\/p><p><strong>Affidabilit\u00e0<\/strong>, <strong>professionalit\u00e0<\/strong> e <strong>competenza<\/strong> sono al centro della nostra attivit\u00e0. Il nostro <strong>team<\/strong> \u00e8 formato da <strong>agenti immobiliari<\/strong> qualificati, una <strong>responsabile marketing<\/strong>, un <strong>responsabile dell&#8217;acquisizione delle case<\/strong> e una <strong>mediatrice linguistica<\/strong>. Sebastiano e Barbara, iscritti all&#8217;Albo degli Agenti Immobiliari di La Spezia, rispettivamente al n. 559 e al n. 909, 909, metteranno a vostra disposizione le loro competenze e la loro esperienza per accompagnarvi durante tutto il processo di acquisto, garantendovi una consulenza tecnica, immobiliare e creditizia a 360\u00b0. Inoltre, Giulia sar\u00e0 al vostro fianco per assicurarvi una chiara comprensione di tutti gli aspetti.<\/p><p><strong>La nostra missione<\/strong> \u00e8 fornire &#8220;la soluzione&#8221; a chi cerca una casa per le vacanze in Italia. A tal fine, seguiamo il cliente dal primo passo fino all&#8217;acquisto dell&#8217;immobile, fornendo tutti i servizi necessari per l&#8217;acquisto di una casa in Italia. Questo include un s<strong>upporto linguistico in tutte le fasi dell&#8217;acquisto<\/strong>: visita dell&#8217;immobile, trattativa e acquisto.<\/p><p>Le nostre propriet\u00e0 si trovano in una vasta area tra la Liguria e la Toscana, ovvero la Val di Magra, conosciuta anche come Lunigiana. Questa regione \u00e8 ricca in termini di patrimonio naturale e storico.<\/p><p>Dalle Cinque Terre, Patrimonio dell&#8217;Umanit\u00e0 dell&#8217;Unesco dal 1997, passando per l&#8217;incantevole Golfo dei Poeti, fino alla rinomata e mondana Versilia, l&#8217;Agenzia Immobiliare PORTA PARMA propone una vasta gamma di immobili sia usati che di nuova costruzione, dai rustici in collina alle ville e alle case al mare.<\/p><p><strong>Insieme, lavoriamo per trovare la casa dei vostri sogni in Italia!<\/strong><\/p>\t\t\t\t\t\t\t\t<\/div>\n\t\t\t\t<\/div>\n\t\t\t\t<div class=\"elementor-element elementor-element-7de57a8 elementor-widget elementor-widget-heading\" data-id=\"7de57a8\" data-element_type=\"widget\" data-e-type=\"widget\" data-widget_type=\"heading.default\">\n\t\t\t\t<div class=\"elementor-widget-container\">\n\t\t\t\t\t<h3 class=\"elementor-heading-title elementor-size-default\">Il nostro team<\/h3>\t\t\t\t<\/div>\n\t\t\t\t<\/div>\n\t\t\t\t\t<\/div>\n\t\t<\/div>\n\t\t\t\t\t<\/div>\n\t\t<\/section>\n\t\t\t\t<section class=\"elementor-section elementor-top-section elementor-element elementor-element-066e43f elementor-section-content-top elementor-section-boxed elementor-section-height-default elementor-section-height-default\" data-id=\"066e43f\" data-element_type=\"section\" data-e-type=\"section\">\n\t\t\t\t\t\t<div class=\"elementor-container elementor-column-gap-custom\">\n\t\t\t\t\t<div class=\"elementor-column elementor-col-33 elementor-top-column elementor-element elementor-element-9ef4ee7\" data-id=\"9ef4ee7\" data-element_type=\"column\" data-e-type=\"column\">\n\t\t\t<div class=\"elementor-widget-wrap elementor-element-populated\">\n\t\t\t\t\t\t<div class=\"elementor-element elementor-element-df57724 elementor-position-top elementor-widget elementor-widget-image-box\" data-id=\"df57724\" data-element_type=\"widget\" data-e-type=\"widget\" data-widget_type=\"image-box.default\">\n\t\t\t\t<div class=\"elementor-widget-container\">\n\t\t\t\t\t<div class=\"elementor-image-box-wrapper\"><figure class=\"elementor-image-box-img\"><img fetchpriority=\"high\" decoding=\"async\" width=\"1000\" height=\"567\" src=\"https:\/\/www.italydreamhomes.it\/wp-content\/uploads\/2022\/11\/sebastiano_siviglia.jpg\" class=\"attachment-full size-full wp-image-973\" alt=\"\" srcset=\"https:\/\/www.italydreamhomes.it\/wp-content\/uploads\/2022\/11\/sebastiano_siviglia.jpg 1000w, https:\/\/www.italydreamhomes.it\/wp-content\/uploads\/2022\/11\/sebastiano_siviglia-300x170.jpg 300w, https:\/\/www.italydreamhomes.it\/wp-content\/uploads\/2022\/11\/sebastiano_siviglia-768x435.jpg 768w\" sizes=\"(max-width: 1000px) 100vw, 1000px\" \/><\/figure><div class=\"elementor-image-box-content\"><h3 class=\"elementor-image-box-title\">Sebastiano Siviglia<\/h3><p class=\"elementor-image-box-description\">Agente Immobiliare<\/p><\/div><\/div>\t\t\t\t<\/div>\n\t\t\t\t<\/div>\n\t\t\t\t\t<\/div>\n\t\t<\/div>\n\t\t\t\t<div class=\"elementor-column elementor-col-33 elementor-top-column elementor-element elementor-element-480b649\" data-id=\"480b649\" data-element_type=\"column\" data-e-type=\"column\">\n\t\t\t<div class=\"elementor-widget-wrap elementor-element-populated\">\n\t\t\t\t\t\t<div class=\"elementor-element elementor-element-f5c38ea elementor-position-top elementor-widget elementor-widget-image-box\" data-id=\"f5c38ea\" data-element_type=\"widget\" data-e-type=\"widget\" data-widget_type=\"image-box.default\">\n\t\t\t\t<div class=\"elementor-widget-container\">\n\t\t\t\t\t<div class=\"elementor-image-box-wrapper\"><figure class=\"elementor-image-box-img\"><img decoding=\"async\" width=\"1000\" height=\"567\" src=\"https:\/\/www.italydreamhomes.it\/wp-content\/uploads\/2022\/12\/marina_quadrelli-.jpg\" class=\"attachment-full size-full wp-image-1063\" alt=\"\" srcset=\"https:\/\/www.italydreamhomes.it\/wp-content\/uploads\/2022\/12\/marina_quadrelli-.jpg 1000w, https:\/\/www.italydreamhomes.it\/wp-content\/uploads\/2022\/12\/marina_quadrelli--300x170.jpg 300w, https:\/\/www.italydreamhomes.it\/wp-content\/uploads\/2022\/12\/marina_quadrelli--768x435.jpg 768w\" sizes=\"(max-width: 1000px) 100vw, 1000px\" \/><\/figure><div class=\"elementor-image-box-content\"><h3 class=\"elementor-image-box-title\">Marina Quadrelli<\/h3><p class=\"elementor-image-box-description\">Responsabile Marketing<\/p><\/div><\/div>\t\t\t\t<\/div>\n\t\t\t\t<\/div>\n\t\t\t\t\t<\/div>\n\t\t<\/div>\n\t\t\t\t<div class=\"elementor-column elementor-col-33 elementor-top-column elementor-element elementor-element-95e4f02\" data-id=\"95e4f02\" data-element_type=\"column\" data-e-type=\"column\">\n\t\t\t<div class=\"elementor-widget-wrap elementor-element-populated\">\n\t\t\t\t\t\t<div class=\"elementor-element elementor-element-ef79eba elementor-position-top elementor-widget elementor-widget-image-box\" data-id=\"ef79eba\" data-element_type=\"widget\" data-e-type=\"widget\" data-widget_type=\"image-box.default\">\n\t\t\t\t<div class=\"elementor-widget-container\">\n\t\t\t\t\t<div class=\"elementor-image-box-wrapper\"><figure class=\"elementor-image-box-img\"><img decoding=\"async\" width=\"1000\" height=\"567\" src=\"https:\/\/www.italydreamhomes.it\/wp-content\/uploads\/2022\/12\/barbara_cibei.jpg\" class=\"attachment-full size-full wp-image-1061\" alt=\"\" srcset=\"https:\/\/www.italydreamhomes.it\/wp-content\/uploads\/2022\/12\/barbara_cibei.jpg 1000w, https:\/\/www.italydreamhomes.it\/wp-content\/uploads\/2022\/12\/barbara_cibei-300x170.jpg 300w, https:\/\/www.italydreamhomes.it\/wp-content\/uploads\/2022\/12\/barbara_cibei-768x435.jpg 768w\" sizes=\"(max-width: 1000px) 100vw, 1000px\" \/><\/figure><div class=\"elementor-image-box-content\"><h3 class=\"elementor-image-box-title\">Barbara Cibei<\/h3><p class=\"elementor-image-box-description\">Agente Immobiliare<\/p><\/div><\/div>\t\t\t\t<\/div>\n\t\t\t\t<\/div>\n\t\t\t\t\t<\/div>\n\t\t<\/div>\n\t\t\t\t\t<\/div>\n\t\t<\/section>\n\t\t\t\t<section class=\"elementor-section elementor-top-section elementor-element elementor-element-faa79ae elementor-section-content-top elementor-section-boxed elementor-section-height-default elementor-section-height-default\" data-id=\"faa79ae\" data-element_type=\"section\" data-e-type=\"section\">\n\t\t\t\t\t\t<div class=\"elementor-container elementor-column-gap-custom\">\n\t\t\t\t\t<div class=\"elementor-column elementor-col-50 elementor-top-column elementor-element elementor-element-7810e96\" data-id=\"7810e96\" data-element_type=\"column\" data-e-type=\"column\">\n\t\t\t<div class=\"elementor-widget-wrap elementor-element-populated\">\n\t\t\t\t\t\t<div class=\"elementor-element elementor-element-fde61af elementor-position-top elementor-widget elementor-widget-image-box\" data-id=\"fde61af\" data-element_type=\"widget\" data-e-type=\"widget\" data-widget_type=\"image-box.default\">\n\t\t\t\t<div class=\"elementor-widget-container\">\n\t\t\t\t\t<div class=\"elementor-image-box-wrapper\"><figure class=\"elementor-image-box-img\"><img loading=\"lazy\" decoding=\"async\" width=\"1000\" height=\"567\" src=\"https:\/\/www.italydreamhomes.it\/wp-content\/uploads\/2022\/12\/giulio-1.jpg\" class=\"attachment-full size-full wp-image-1056\" alt=\"\" srcset=\"https:\/\/www.italydreamhomes.it\/wp-content\/uploads\/2022\/12\/giulio-1.jpg 1000w, https:\/\/www.italydreamhomes.it\/wp-content\/uploads\/2022\/12\/giulio-1-300x170.jpg 300w, https:\/\/www.italydreamhomes.it\/wp-content\/uploads\/2022\/12\/giulio-1-768x435.jpg 768w\" sizes=\"(max-width: 1000px) 100vw, 1000px\" \/><\/figure><div class=\"elementor-image-box-content\"><h3 class=\"elementor-image-box-title\">Giulio Quadrelli<\/h3><p class=\"elementor-image-box-description\">Responsabile Acquisizione Case<\/p><\/div><\/div>\t\t\t\t<\/div>\n\t\t\t\t<\/div>\n\t\t\t\t\t<\/div>\n\t\t<\/div>\n\t\t\t\t<div class=\"elementor-column elementor-col-50 elementor-top-column elementor-element elementor-element-ce882e4\" data-id=\"ce882e4\" data-element_type=\"column\" data-e-type=\"column\">\n\t\t\t<div class=\"elementor-widget-wrap elementor-element-populated\">\n\t\t\t\t\t\t<div class=\"elementor-element elementor-element-eb1d02e elementor-position-top elementor-widget elementor-widget-image-box\" data-id=\"eb1d02e\" data-element_type=\"widget\" data-e-type=\"widget\" data-widget_type=\"image-box.default\">\n\t\t\t\t<div class=\"elementor-widget-container\">\n\t\t\t\t\t<div class=\"elementor-image-box-wrapper\"><figure class=\"elementor-image-box-img\"><img loading=\"lazy\" decoding=\"async\" width=\"1000\" height=\"567\" src=\"https:\/\/www.italydreamhomes.it\/wp-content\/uploads\/2022\/12\/giulia_macri.jpg\" class=\"attachment-full size-full wp-image-1033\" alt=\"\" srcset=\"https:\/\/www.italydreamhomes.it\/wp-content\/uploads\/2022\/12\/giulia_macri.jpg 1000w, https:\/\/www.italydreamhomes.it\/wp-content\/uploads\/2022\/12\/giulia_macri-300x170.jpg 300w, https:\/\/www.italydreamhomes.it\/wp-content\/uploads\/2022\/12\/giulia_macri-768x435.jpg 768w\" sizes=\"(max-width: 1000px) 100vw, 1000px\" \/><\/figure><div class=\"elementor-image-box-content\"><h3 class=\"elementor-image-box-title\">Giulia Macr\u00ec<\/h3><p class=\"elementor-image-box-description\">Mediatrice Linguistica<\/p><\/div><\/div>\t\t\t\t<\/div>\n\t\t\t\t<\/div>\n\t\t\t\t\t<\/div>\n\t\t<\/div>\n\t\t\t\t\t<\/div>\n\t\t<\/section>\n\t\t\t\t<\/div>\n\t\t","protected":false},"excerpt":{"rendered":"<p>Chi siamo Home Chi siamo Italy dream homes \u00e8 un progetto sviluppato dall&#8217;Agenzia Immobiliare Porta Parma, membro della Federazione Italiana Mediatori Agenti d&#8217;Affari (F.I.M.A.A. &#8211; la pi\u00f9 grande Associazione del settore dell\u2019intermediazione in Italia). La nostra agenzia opera sul territorio da quasi 20 anni ed \u00e8 in grado di garantire ai propri clienti (venditori o [&hellip;]<\/p>\n","protected":false},"author":1,"featured_media":0,"parent":0,"menu_order":0,"comment_status":"closed","ping_status":"closed","template":"","meta":{"_acf_changed":false,"footnotes":""},"class_list":["post-388","page","type-page","status-publish","hentry"],"acf":[],"yoast_head":"<!-- This site is optimized with the Yoast SEO plugin v25.4 - https:\/\/yoast.com\/wordpress\/plugins\/seo\/ -->\n<title>Chi siamo - Italy Dream Homes<\/title>\n<meta name=\"description\" content=\"Italy Dream Homes: il portare per la ricerca della tua casa vacanza da sogno in Italia. Stai cercando una casa vacanza in Liguria o in Toscana? Contattaci!\" \/>\n<meta name=\"robots\" content=\"index, follow, max-snippet:-1, max-image-preview:large, max-video-preview:-1\" \/>\n<link rel=\"canonical\" href=\"https:\/\/www.italydreamhomes.it\/it\/chi-siamo\/\" \/>\n<meta property=\"og:locale\" content=\"it_IT\" \/>\n<meta property=\"og:type\" content=\"article\" \/>\n<meta property=\"og:title\" content=\"Chi siamo - Italy Dream Homes\" \/>\n<meta property=\"og:description\" content=\"Italy Dream Homes: il portare per la ricerca della tua casa vacanza da sogno in Italia. Stai cercando una casa vacanza in Liguria o in Toscana? Contattaci!\" \/>\n<meta property=\"og:url\" content=\"https:\/\/www.italydreamhomes.it\/it\/chi-siamo\/\" \/>\n<meta property=\"og:site_name\" content=\"Italy Dream Homes\" \/>\n<meta property=\"article:modified_time\" content=\"2023-01-05T17:52:08+00:00\" \/>\n<meta property=\"og:image\" content=\"https:\/\/www.italydreamhomes.it\/wp-content\/uploads\/2022\/11\/sebastiano_siviglia.jpg\" \/>\n<meta name=\"twitter:card\" content=\"summary_large_image\" \/>\n<meta name=\"twitter:label1\" content=\"Tempo di lettura stimato\" \/>\n\t<meta name=\"twitter:data1\" content=\"3 minuti\" \/>\n<script type=\"application\/ld+json\" class=\"yoast-schema-graph\">{\"@context\":\"https:\/\/schema.org\",\"@graph\":[{\"@type\":\"WebPage\",\"@id\":\"https:\/\/www.italydreamhomes.it\/it\/chi-siamo\/\",\"url\":\"https:\/\/www.italydreamhomes.it\/it\/chi-siamo\/\",\"name\":\"Chi siamo - Italy Dream Homes\",\"isPartOf\":{\"@id\":\"https:\/\/www.italydreamhomes.it\/it\/#website\"},\"primaryImageOfPage\":{\"@id\":\"https:\/\/www.italydreamhomes.it\/it\/chi-siamo\/#primaryimage\"},\"image\":{\"@id\":\"https:\/\/www.italydreamhomes.it\/it\/chi-siamo\/#primaryimage\"},\"thumbnailUrl\":\"https:\/\/www.italydreamhomes.it\/wp-content\/uploads\/2022\/11\/sebastiano_siviglia.jpg\",\"datePublished\":\"2022-11-09T05:41:13+00:00\",\"dateModified\":\"2023-01-05T17:52:08+00:00\",\"description\":\"Italy Dream Homes: il portare per la ricerca della tua casa vacanza da sogno in Italia. Stai cercando una casa vacanza in Liguria o in Toscana? Contattaci!\",\"breadcrumb\":{\"@id\":\"https:\/\/www.italydreamhomes.it\/it\/chi-siamo\/#breadcrumb\"},\"inLanguage\":\"it-IT\",\"potentialAction\":[{\"@type\":\"ReadAction\",\"target\":[\"https:\/\/www.italydreamhomes.it\/it\/chi-siamo\/\"]}]},{\"@type\":\"ImageObject\",\"inLanguage\":\"it-IT\",\"@id\":\"https:\/\/www.italydreamhomes.it\/it\/chi-siamo\/#primaryimage\",\"url\":\"https:\/\/www.italydreamhomes.it\/wp-content\/uploads\/2022\/11\/sebastiano_siviglia.jpg\",\"contentUrl\":\"https:\/\/www.italydreamhomes.it\/wp-content\/uploads\/2022\/11\/sebastiano_siviglia.jpg\"},{\"@type\":\"BreadcrumbList\",\"@id\":\"https:\/\/www.italydreamhomes.it\/it\/chi-siamo\/#breadcrumb\",\"itemListElement\":[{\"@type\":\"ListItem\",\"position\":1,\"name\":\"Home\",\"item\":\"https:\/\/www.italydreamhomes.it\/it\/\"},{\"@type\":\"ListItem\",\"position\":2,\"name\":\"Chi siamo\"}]},{\"@type\":\"WebSite\",\"@id\":\"https:\/\/www.italydreamhomes.it\/it\/#website\",\"url\":\"https:\/\/www.italydreamhomes.it\/it\/\",\"name\":\"Italy Dream Homes\",\"description\":\"Real Estate Agency\",\"publisher\":{\"@id\":\"https:\/\/www.italydreamhomes.it\/it\/#organization\"},\"potentialAction\":[{\"@type\":\"SearchAction\",\"target\":{\"@type\":\"EntryPoint\",\"urlTemplate\":\"https:\/\/www.italydreamhomes.it\/it\/?s={search_term_string}\"},\"query-input\":{\"@type\":\"PropertyValueSpecification\",\"valueRequired\":true,\"valueName\":\"search_term_string\"}}],\"inLanguage\":\"it-IT\"},{\"@type\":\"Organization\",\"@id\":\"https:\/\/www.italydreamhomes.it\/it\/#organization\",\"name\":\"Italy Dream Homes\",\"url\":\"https:\/\/www.italydreamhomes.it\/it\/\",\"logo\":{\"@type\":\"ImageObject\",\"inLanguage\":\"it-IT\",\"@id\":\"https:\/\/www.italydreamhomes.it\/it\/#\/schema\/logo\/image\/\",\"url\":\"https:\/\/www.italydreamhomes.it\/wp-content\/uploads\/2022\/11\/Logo-ItalyDremHomes-PortaParma-4.png\",\"contentUrl\":\"https:\/\/www.italydreamhomes.it\/wp-content\/uploads\/2022\/11\/Logo-ItalyDremHomes-PortaParma-4.png\",\"width\":823,\"height\":268,\"caption\":\"Italy Dream Homes\"},\"image\":{\"@id\":\"https:\/\/www.italydreamhomes.it\/it\/#\/schema\/logo\/image\/\"}}]}<\/script>\n<!-- \/ Yoast SEO plugin. -->","yoast_head_json":{"title":"Chi siamo - Italy Dream Homes","description":"Italy Dream Homes: il portare per la ricerca della tua casa vacanza da sogno in Italia. Stai cercando una casa vacanza in Liguria o in Toscana? Contattaci!","robots":{"index":"index","follow":"follow","max-snippet":"max-snippet:-1","max-image-preview":"max-image-preview:large","max-video-preview":"max-video-preview:-1"},"canonical":"https:\/\/www.italydreamhomes.it\/it\/chi-siamo\/","og_locale":"it_IT","og_type":"article","og_title":"Chi siamo - Italy Dream Homes","og_description":"Italy Dream Homes: il portare per la ricerca della tua casa vacanza da sogno in Italia. Stai cercando una casa vacanza in Liguria o in Toscana? Contattaci!","og_url":"https:\/\/www.italydreamhomes.it\/it\/chi-siamo\/","og_site_name":"Italy Dream Homes","article_modified_time":"2023-01-05T17:52:08+00:00","og_image":[{"url":"https:\/\/www.italydreamhomes.it\/wp-content\/uploads\/2022\/11\/sebastiano_siviglia.jpg","type":"","width":"","height":""}],"twitter_card":"summary_large_image","twitter_misc":{"Tempo di lettura stimato":"3 minuti"},"schema":{"@context":"https:\/\/schema.org","@graph":[{"@type":"WebPage","@id":"https:\/\/www.italydreamhomes.it\/it\/chi-siamo\/","url":"https:\/\/www.italydreamhomes.it\/it\/chi-siamo\/","name":"Chi siamo - Italy Dream Homes","isPartOf":{"@id":"https:\/\/www.italydreamhomes.it\/it\/#website"},"primaryImageOfPage":{"@id":"https:\/\/www.italydreamhomes.it\/it\/chi-siamo\/#primaryimage"},"image":{"@id":"https:\/\/www.italydreamhomes.it\/it\/chi-siamo\/#primaryimage"},"thumbnailUrl":"https:\/\/www.italydreamhomes.it\/wp-content\/uploads\/2022\/11\/sebastiano_siviglia.jpg","datePublished":"2022-11-09T05:41:13+00:00","dateModified":"2023-01-05T17:52:08+00:00","description":"Italy Dream Homes: il portare per la ricerca della tua casa vacanza da sogno in Italia. Stai cercando una casa vacanza in Liguria o in Toscana? Contattaci!","breadcrumb":{"@id":"https:\/\/www.italydreamhomes.it\/it\/chi-siamo\/#breadcrumb"},"inLanguage":"it-IT","potentialAction":[{"@type":"ReadAction","target":["https:\/\/www.italydreamhomes.it\/it\/chi-siamo\/"]}]},{"@type":"ImageObject","inLanguage":"it-IT","@id":"https:\/\/www.italydreamhomes.it\/it\/chi-siamo\/#primaryimage","url":"https:\/\/www.italydreamhomes.it\/wp-content\/uploads\/2022\/11\/sebastiano_siviglia.jpg","contentUrl":"https:\/\/www.italydreamhomes.it\/wp-content\/uploads\/2022\/11\/sebastiano_siviglia.jpg"},{"@type":"BreadcrumbList","@id":"https:\/\/www.italydreamhomes.it\/it\/chi-siamo\/#breadcrumb","itemListElement":[{"@type":"ListItem","position":1,"name":"Home","item":"https:\/\/www.italydreamhomes.it\/it\/"},{"@type":"ListItem","position":2,"name":"Chi siamo"}]},{"@type":"WebSite","@id":"https:\/\/www.italydreamhomes.it\/it\/#website","url":"https:\/\/www.italydreamhomes.it\/it\/","name":"Italy Dream Homes","description":"Real Estate Agency","publisher":{"@id":"https:\/\/www.italydreamhomes.it\/it\/#organization"},"potentialAction":[{"@type":"SearchAction","target":{"@type":"EntryPoint","urlTemplate":"https:\/\/www.italydreamhomes.it\/it\/?s={search_term_string}"},"query-input":{"@type":"PropertyValueSpecification","valueRequired":true,"valueName":"search_term_string"}}],"inLanguage":"it-IT"},{"@type":"Organization","@id":"https:\/\/www.italydreamhomes.it\/it\/#organization","name":"Italy Dream Homes","url":"https:\/\/www.italydreamhomes.it\/it\/","logo":{"@type":"ImageObject","inLanguage":"it-IT","@id":"https:\/\/www.italydreamhomes.it\/it\/#\/schema\/logo\/image\/","url":"https:\/\/www.italydreamhomes.it\/wp-content\/uploads\/2022\/11\/Logo-ItalyDremHomes-PortaParma-4.png","contentUrl":"https:\/\/www.italydreamhomes.it\/wp-content\/uploads\/2022\/11\/Logo-ItalyDremHomes-PortaParma-4.png","width":823,"height":268,"caption":"Italy Dream Homes"},"image":{"@id":"https:\/\/www.italydreamhomes.it\/it\/#\/schema\/logo\/image\/"}}]}},"_links":{"self":[{"href":"https:\/\/www.italydreamhomes.it\/it\/wp-json\/wp\/v2\/pages\/388","targetHints":{"allow":["GET"]}}],"collection":[{"href":"https:\/\/www.italydreamhomes.it\/it\/wp-json\/wp\/v2\/pages"}],"about":[{"href":"https:\/\/www.italydreamhomes.it\/it\/wp-json\/wp\/v2\/types\/page"}],"author":[{"embeddable":true,"href":"https:\/\/www.italydreamhomes.it\/it\/wp-json\/wp\/v2\/users\/1"}],"replies":[{"embeddable":true,"href":"https:\/\/www.italydreamhomes.it\/it\/wp-json\/wp\/v2\/comments?post=388"}],"version-history":[{"count":0,"href":"https:\/\/www.italydreamhomes.it\/it\/wp-json\/wp\/v2\/pages\/388\/revisions"}],"wp:attachment":[{"href":"https:\/\/www.italydreamhomes.it\/it\/wp-json\/wp\/v2\/media?parent=388"}],"curies":[{"name":"wp","href":"https:\/\/api.w.org\/{rel}","templated":true}]}}